{"id":16,"date":"2025-12-13T21:51:15","date_gmt":"2025-12-13T20:51:15","guid":{"rendered":"http:\/\/kivi1wp.el\/index.php\/accueil\/"},"modified":"2025-12-16T13:01:17","modified_gmt":"2025-12-16T12:01:17","slug":"accueil","status":"publish","type":"page","link":"https:\/\/www.kivi1.com\/","title":{"rendered":"Kivi1 &#8211; La plateforme tout-en-un pour vos \u00e9v\u00e9nements"},"content":{"rendered":"\n<div class=\"wp-block-cover alignfull\" id=\"hero\" style=\"min-height:500px;aspect-ratio:unset;\"><img decoding=\"async\" class=\"wp-block-cover__image-background\" alt=\"\" src=\"\/wp-content\/uploads\/2025\/12\/hero-event-management_00001_.png\" data-object-fit=\"cover\"\/><span aria-hidden=\"true\" class=\"wp-block-cover__background has-black-background-color has-background-dim-70 has-background-dim\"><\/span><div class=\"wp-block-cover__inner-container is-layout-flow wp-block-cover-is-layout-flow\">\n<h1 class=\"wp-block-heading has-text-align-center has-text-color\" style=\"color:#ffffff\">Organisez vos \u00e9v\u00e9nements professionnels et priv\u00e9s en toute simplicit\u00e9<\/h1>\n\n\n\n<p class=\"has-text-align-center has-text-color\" style=\"color:#e0e0e0\">La plateforme compl\u00e8te pour g\u00e9rer vos invitations, suivre vos r\u00e9ponses et coordonner vos \u00e9v\u00e9nements.<\/p>\n\n\n\n<div class=\"wp-block-buttons is-content-justification-center is-layout-flex wp-container-core-buttons-is-layout-a89b3969 wp-block-buttons-is-layout-flex\">\n<div class=\"wp-block-button\"><a class=\"wp-block-button__link has-vivid-cyan-blue-background-color has-background wp-element-button\" href=\"https:\/\/support.kivi1.com\/index.php?a=add&amp;category=2\">Cr\u00e9er mon premier \u00e9v\u00e9nement<\/a><\/div>\n\n\n\n<div class=\"wp-block-button is-style-outline is-style-outline--1\"><a class=\"wp-block-button__link wp-element-button\" href=\"#fonctionnalites\">D\u00e9couvrir les fonctionnalit\u00e9s<\/a><\/div>\n<\/div>\n<\/div><\/div>\n\n\n\n<div class=\"wp-block-group has-background is-layout-constrained wp-block-group-is-layout-constrained\" id=\"solution\" style=\"background-color:#f7f9fb;padding-top:60px;padding-bottom:60px\">\n<h2 class=\"wp-block-heading has-text-align-center\">Kivi1 centralise tout en une seule plateforme<\/h2>\n\n\n\n<p class=\"has-text-align-center\">De la cr\u00e9ation de votre invitation \u00e0 l&rsquo;accueil de vos invit\u00e9s, g\u00e9rez chaque aspect de votre \u00e9v\u00e9nement.<\/p>\n<\/div>\n\n\n\n<div class=\"wp-block-group has-white-background-color has-background is-layout-constrained wp-block-group-is-layout-constrained\" id=\"fonctionnalites\" style=\"padding-top:60px;padding-bottom:60px\">\n<h2 class=\"wp-block-heading has-text-align-center\">Tout ce dont vous avez besoin pour r\u00e9ussir<\/h2>\n\n\n\n<div class=\"wp-block-columns is-layout-flex wp-container-core-columns-is-layout-28f84493 wp-block-columns-is-layout-flex\">\n<div class=\"wp-block-column is-layout-flow wp-block-column-is-layout-flow\">\n<h3 class=\"wp-block-heading\">\ud83d\udce7 Invitations<\/h3>\n\n\n\n<p>Cr\u00e9ez et envoyez vos invitations avec notre \u00e9diteur visuel intuitif.<\/p>\n<\/div>\n\n\n\n<div class=\"wp-block-column is-layout-flow wp-block-column-is-layout-flow\">\n<h3 class=\"wp-block-heading\">\u2705 R\u00e9ponses<\/h3>\n\n\n\n<p>Suivez les r\u00e9ponses en temps r\u00e9el avec un dashboard complet.<\/p>\n<\/div>\n\n\n\n<div class=\"wp-block-column is-layout-flow wp-block-column-is-layout-flow\">\n<h3 class=\"wp-block-heading\">\ud83d\udcf1 Check-in<\/h3>\n\n\n\n<p>Accueillez vos invit\u00e9s avec des QR codes personnalis\u00e9s.<\/p>\n<\/div>\n<\/div>\n\n\n\n<div class=\"wp-block-columns is-layout-flex wp-container-core-columns-is-layout-28f84493 wp-block-columns-is-layout-flex\">\n<div class=\"wp-block-column is-layout-flow wp-block-column-is-layout-flow\">\n<h3 class=\"wp-block-heading\">\ud83e\ude91 Plan de table<\/h3>\n\n\n\n<p>Cr\u00e9ez votre plan de table en drag &amp; drop facilement.<\/p>\n<\/div>\n\n\n\n<div class=\"wp-block-column is-layout-flow wp-block-column-is-layout-flow\">\n<h3 class=\"wp-block-heading\">\ud83d\udcb3 Paiements<\/h3>\n\n\n\n<p>Encaissez vos paiements en toute s\u00e9curit\u00e9 avec Stripe.<\/p>\n<\/div>\n\n\n\n<div class=\"wp-block-column is-layout-flow wp-block-column-is-layout-flow\">\n<h3 class=\"wp-block-heading\">\ud83d\udcb0 Budget<\/h3>\n\n\n\n<p>Ma\u00eetrisez votre budget \u00e9v\u00e9nementiel avec suivi des d\u00e9penses.<\/p>\n<\/div>\n<\/div>\n<\/div>\n\n\n\n<div class=\"wp-block-group has-background is-layout-constrained wp-block-group-is-layout-constrained\" id=\"avantages\" style=\"background-color:#f7f9fb;padding-top:60px;padding-bottom:60px\">\n<h2 class=\"wp-block-heading has-text-align-center\">Pourquoi choisir Kivi1 ?<\/h2>\n\n\n\n<div class=\"wp-block-columns is-layout-flex wp-container-core-columns-is-layout-28f84493 wp-block-columns-is-layout-flex\">\n<div class=\"wp-block-column is-layout-flow wp-block-column-is-layout-flow\">\n<h3 class=\"wp-block-heading has-text-align-center\">\u26a1 Simple et Rapide<\/h3>\n\n\n\n<p class=\"has-text-align-center\">Cr\u00e9ez votre \u00e9v\u00e9nement en moins de 5 minutes.<\/p>\n<\/div>\n\n\n\n<div class=\"wp-block-column is-layout-flow wp-block-column-is-layout-flow\">\n<h3 class=\"wp-block-heading has-text-align-center\">\ud83d\udd12 S\u00e9curis\u00e9<\/h3>\n\n\n\n<p class=\"has-text-align-center\">Donn\u00e9es h\u00e9berg\u00e9es en Europe. Conformit\u00e9 RGPD.<\/p>\n<\/div>\n\n\n\n<div class=\"wp-block-column is-layout-flow wp-block-column-is-layout-flow\">\n<h3 class=\"wp-block-heading has-text-align-center\">\ud83d\udcac Support R\u00e9actif<\/h3>\n\n\n\n<p class=\"has-text-align-center\">Notre \u00e9quipe vous accompagne dans votre r\u00e9ussite.<\/p>\n<\/div>\n<\/div>\n<\/div>\n\n\n\n<div class=\"wp-block-group has-white-background-color has-background is-layout-constrained wp-block-group-is-layout-constrained\" id=\"tarifs\" style=\"padding-top:60px;padding-bottom:60px\">\n<h2 class=\"wp-block-heading has-text-align-center\">Tarifs<\/h2>\n\n\n\n<div class=\"wp-block-columns is-layout-flex wp-container-core-columns-is-layout-28f84493 wp-block-columns-is-layout-flex\">\n<div class=\"wp-block-column is-layout-flow wp-block-column-is-layout-flow\" style=\"border-width:1px;padding-top:30px;padding-right:20px;padding-bottom:30px;padding-left:20px\">\n<h3 class=\"wp-block-heading has-text-align-center\">Premium \u2b50<\/h3>\n\n\n\n<p class=\"has-text-align-center\" style=\"font-size:36px\"><strong>29\u20ac<\/strong> HT<\/p>\n\n\n\n<ul class=\"wp-block-list\">\n<li>1 \u00e9v\u00e9nement actif<\/li>\n\n\n\n<li>Jusqu&rsquo;\u00e0 100 invit\u00e9s<\/li>\n\n\n\n<li>Invitations par email<\/li>\n\n\n\n<li>Support par email<\/li>\n<\/ul>\n<\/div>\n\n\n\n<div class=\"wp-block-column has-border-color is-layout-flow wp-block-column-is-layout-flow\" style=\"border-color:#68adbd;border-width:2px;padding-top:30px;padding-right:20px;padding-bottom:30px;padding-left:20px\">\n<h3 class=\"wp-block-heading has-text-align-center\">Premium \u2b50<\/h3>\n\n\n\n<p class=\"has-text-align-center\" style=\"font-size:36px\"><strong>99\u20ac<\/strong> HT<\/p>\n\n\n\n<ul class=\"wp-block-list\">\n<li>1 \u00e9v\u00e8nement actif<\/li>\n\n\n\n<li>Jusqu&rsquo;\u00e0 500 invit\u00e9s<\/li>\n\n\n\n<li>Plan de table<\/li>\n\n\n\n<li>Check-in QR codes<\/li>\n\n\n\n<li>Support prioritaire<\/li>\n\n\n\n<li>Templates personnalisables<\/li>\n<\/ul>\n<\/div>\n\n\n\n<div class=\"wp-block-column is-layout-flow wp-block-column-is-layout-flow\" style=\"border-width:1px;padding-top:30px;padding-right:20px;padding-bottom:30px;padding-left:20px\">\n<h3 class=\"wp-block-heading has-text-align-center\">App Mobile<\/h3>\n\n\n\n<p class=\"has-text-align-center\" style=\"font-size:36px\"><strong>Sur devis<\/strong><\/p>\n\n\n\n<ul class=\"wp-block-list\">\n<li>Templates sur mesure<\/li>\n\n\n\n<li>Application mobile d\u00e9di\u00e9e<\/li>\n\n\n\n<li>Notifications push<\/li>\n\n\n\n<li>Support d\u00e9di\u00e9<\/li>\n\n\n\n<li>Invit\u00e9s suppl\u00e9mentaires<\/li>\n\n\n\n<li>Aide au suivi de vos \u00e9v\u00e9nements<\/li>\n<\/ul>\n<\/div>\n<\/div>\n<\/div>\n\n\n\n<div class=\"wp-block-cover alignfull\" id=\"contact\" style=\"min-height:300px;aspect-ratio:unset;\"><span aria-hidden=\"true\" class=\"wp-block-cover__background has-black-background-color has-background-dim-100 has-background-dim\"><\/span><div class=\"wp-block-cover__inner-container is-layout-flow wp-block-cover-is-layout-flow\">\n<h2 class=\"wp-block-heading has-text-align-center has-text-color\" style=\"color:#ffffff\">Pr\u00eat \u00e0 cr\u00e9er votre prochain \u00e9v\u00e9nement ?<\/h2>\n\n\n\n<div class=\"wp-block-buttons is-content-justification-center is-layout-flex wp-container-core-buttons-is-layout-a89b3969 wp-block-buttons-is-layout-flex\">\n<div class=\"wp-block-button\"><a class=\"wp-block-button__link has-vivid-cyan-blue-background-color has-background wp-element-button\" href=\"https:\/\/support.kivi1.com\/index.php?a=add&amp;category=2\">Demander une d\u00e9mo<\/a><\/div>\n<\/div>\n\n\n\n<p class=\"has-text-align-center has-text-color\" style=\"color:#a0a0a0\">Configuration en 5 minutes \u2022 Support en fran\u00e7ais<\/p>\n<\/div><\/div>\n","protected":false},"excerpt":{"rendered":"<p>Kivi1 centralise tout en une seule plateforme De la cr\u00e9ation de votre invitation \u00e0 l&rsquo;accueil de vos invit\u00e9s, g\u00e9rez chaque [&hellip;]<\/p>\n","protected":false},"author":0,"featured_media":0,"parent":0,"menu_order":0,"comment_status":"closed","ping_status":"closed","template":"","meta":{"site-sidebar-layout":"default","site-content-layout":"","ast-site-content-layout":"default","site-content-style":"default","site-sidebar-style":"default","ast-global-header-display":"","ast-banner-title-visibility":"","ast-main-header-display":"","ast-hfb-above-header-display":"","ast-hfb-below-header-display":"","ast-hfb-mobile-header-display":"","site-post-title":"disabled","ast-breadcrumbs-content":"","ast-featured-img":"","footer-sml-layout":"","ast-disable-related-posts":"","theme-transparent-header-meta":"","adv-header-id-meta":"","stick-header-meta":"","header-above-stick-meta":"","header-main-stick-meta":"","header-below-stick-meta":"","astra-migrate-meta-layouts":"default","ast-page-background-enabled":"default","ast-page-background-meta":{"desktop":{"background-color":"var(--ast-global-color-5)","background-image":"","background-repeat":"repeat","background-position":"center center","background-size":"auto","background-attachment":"scroll","background-type":"","background-media":"","overlay-type":"","overlay-color":"","overlay-opacity":"","overlay-gradient":""},"tablet":{"background-color":"","background-image":"","background-repeat":"repeat","background-position":"center center","background-size":"auto","background-attachment":"scroll","background-type":"","background-media":"","overlay-type":"","overlay-color":"","overlay-opacity":"","overlay-gradient":""},"mobile":{"background-color":"","background-image":"","background-repeat":"repeat","background-position":"center center","background-size":"auto","background-attachment":"scroll","background-type":"","background-media":"","overlay-type":"","overlay-color":"","overlay-opacity":"","overlay-gradient":""}},"ast-content-background-meta":{"desktop":{"background-color":"var(--ast-global-color-4)","background-image":"","background-repeat":"repeat","background-position":"center center","background-size":"auto","background-attachment":"scroll","background-type":"","background-media":"","overlay-type":"","overlay-color":"","overlay-opacity":"","overlay-gradient":""},"tablet":{"background-color":"var(--ast-global-color-4)","background-image":"","background-repeat":"repeat","background-position":"center center","background-size":"auto","background-attachment":"scroll","background-type":"","background-media":"","overlay-type":"","overlay-color":"","overlay-opacity":"","overlay-gradient":""},"mobile":{"background-color":"var(--ast-global-color-4)","background-image":"","background-repeat":"repeat","background-position":"center center","background-size":"auto","background-attachment":"scroll","background-type":"","background-media":"","overlay-type":"","overlay-color":"","overlay-opacity":"","overlay-gradient":""}},"footnotes":""},"class_list":["post-16","page","type-page","status-publish","hentry"],"_links":{"self":[{"href":"https:\/\/www.kivi1.com\/index.php\/wp-json\/wp\/v2\/pages\/16","targetHints":{"allow":["GET"]}}],"collection":[{"href":"https:\/\/www.kivi1.com\/index.php\/wp-json\/wp\/v2\/pages"}],"about":[{"href":"https:\/\/www.kivi1.com\/index.php\/wp-json\/wp\/v2\/types\/page"}],"replies":[{"embeddable":true,"href":"https:\/\/www.kivi1.com\/index.php\/wp-json\/wp\/v2\/comments?post=16"}],"version-history":[{"count":12,"href":"https:\/\/www.kivi1.com\/index.php\/wp-json\/wp\/v2\/pages\/16\/revisions"}],"predecessor-version":[{"id":43,"href":"https:\/\/www.kivi1.com\/index.php\/wp-json\/wp\/v2\/pages\/16\/revisions\/43"}],"wp:attachment":[{"href":"https:\/\/www.kivi1.com\/index.php\/wp-json\/wp\/v2\/media?parent=16"}],"curies":[{"name":"wp","href":"https:\/\/api.w.org\/{rel}","templated":true}]}}